{"id":111759,"date":"2022-10-19T15:00:08","date_gmt":"2022-10-19T13:00:08","guid":{"rendered":"https:\/\/www.hotel-im-park.at\/pagina-di-esempio\/"},"modified":"2024-02-27T17:35:08","modified_gmt":"2024-02-27T16:35:08","slug":"pagina-di-esempio","status":"publish","type":"page","link":"https:\/\/www.hotel-im-park.at\/it\/pagina-di-esempio\/","title":{"rendered":"Pagina di esempio"},"content":{"rendered":"\n<p>Questa \u00e8 una pagina di esempio. Si differenzia dai post perch\u00e9 rimane sempre nello stesso posto e viene visualizzato nella navigazione del sito (nella maggior parte dei temi). La maggior parte inizia con un&#8217;impronta, un&#8217;informativa sulla privacy o una pagina &#8220;Chi siamo&#8221; per presentarsi ai potenziali visitatori del sito web. Ad esempio, potrebbe dire:<\/p>\n\n<blockquote class=\"wp-block-quote is-layout-flow wp-block-quote-is-layout-flow\"><p>Ciao! Di giorno lavoro come corriere in bicicletta, di notte sono un aspirante attore e questo \u00e8 il mio sito web. Vivo a Berlino, ho un grosso cane di nome Jack, mi piace la pina colada, ma non tanto essere lasciata fuori sotto la pioggia (senza ombrello).<\/p><\/blockquote>\n\n<p>&#8230; o qualcosa del genere:<\/p>\n\n<blockquote class=\"wp-block-quote is-layout-flow wp-block-quote-is-layout-flow\"><p>L&#8217;azienda XYZ \u00e8 stata fondata nel 1971 e da allora fornisce al pubblico prodotti di alta qualit\u00e0. Nella sua sede in una piccola citt\u00e0, l&#8217;azienda impiega oltre 2.000 persone e sostiene gli abitanti della citt\u00e0 in molti modi.<\/p><\/blockquote>\n\n<p>Come nuovo utente di WordPress, si deve andare nella <a href=\"https:\/\/www.hotel-im-park.at\/wp-admin\/\">propria dashboard<\/a> per eliminare questa pagina e creare nuove pagine e post per il proprio sito web. Divertitevi!<\/p>\n","protected":false},"excerpt":{"rendered":"<p>Questa \u00e8 una pagina di esempio. Si differenzia dai post perch\u00e9 rimane sempre nello stesso posto e viene visualizzato nella navigazione del sito (nella maggior parte dei temi). La maggior parte inizia con un&#8217;impronta, un&#8217;informativa sulla privacy o una pagina &#8220;Chi siamo&#8221; per presentarsi ai potenziali visitatori del sito web. Ad esempio, potrebbe dire: Ciao! [&hellip;]<\/p>\n","protected":false},"author":1,"featured_media":0,"parent":0,"menu_order":0,"comment_status":"closed","ping_status":"open","template":"","meta":{"_et_pb_use_builder":"","_et_pb_old_content":"","_et_gb_content_width":"","footnotes":""},"class_list":["post-111759","page","type-page","status-publish","hentry"],"yoast_head":"<!-- This site is optimized with the Yoast SEO plugin v27.3 - https:\/\/yoast.com\/product\/yoast-seo-wordpress\/ -->\n<title>Pagina di esempio - Hotel im Park Bad Radkersburg<\/title>\n<meta name=\"robots\" content=\"index, follow, max-snippet:-1, max-image-preview:large, max-video-preview:-1\" \/>\n<link rel=\"canonical\" href=\"https:\/\/www.hotel-im-park.at\/it\/pagina-di-esempio\/\" \/>\n<meta property=\"og:locale\" content=\"it_IT\" \/>\n<meta property=\"og:type\" content=\"article\" \/>\n<meta property=\"og:title\" content=\"Pagina di esempio - Hotel im Park Bad Radkersburg\" \/>\n<meta property=\"og:description\" content=\"Questa \u00e8 una pagina di esempio. Si differenzia dai post perch\u00e9 rimane sempre nello stesso posto e viene visualizzato nella navigazione del sito (nella maggior parte dei temi). La maggior parte inizia con un&#8217;impronta, un&#8217;informativa sulla privacy o una pagina &#8220;Chi siamo&#8221; per presentarsi ai potenziali visitatori del sito web. Ad esempio, potrebbe dire: Ciao! [&hellip;]\" \/>\n<meta property=\"og:url\" content=\"https:\/\/www.hotel-im-park.at\/it\/pagina-di-esempio\/\" \/>\n<meta property=\"og:site_name\" content=\"Hotel im Park Bad Radkersburg\" \/>\n<meta property=\"article:modified_time\" content=\"2024-02-27T16:35:08+00:00\" \/>\n<meta name=\"twitter:card\" content=\"summary_large_image\" \/>\n<meta name=\"twitter:label1\" content=\"Tempo di lettura stimato\" \/>\n\t<meta name=\"twitter:data1\" content=\"1 minuto\" \/>\n<script type=\"application\/ld+json\" class=\"yoast-schema-graph\">{\"@context\":\"https:\\\/\\\/schema.org\",\"@graph\":[{\"@type\":\"WebPage\",\"@id\":\"https:\\\/\\\/www.hotel-im-park.at\\\/it\\\/pagina-di-esempio\\\/\",\"url\":\"https:\\\/\\\/www.hotel-im-park.at\\\/it\\\/pagina-di-esempio\\\/\",\"name\":\"Pagina di esempio - Hotel im Park Bad Radkersburg\",\"isPartOf\":{\"@id\":\"https:\\\/\\\/www.hotel-im-park.at\\\/#website\"},\"datePublished\":\"2022-10-19T13:00:08+00:00\",\"dateModified\":\"2024-02-27T16:35:08+00:00\",\"breadcrumb\":{\"@id\":\"https:\\\/\\\/www.hotel-im-park.at\\\/it\\\/pagina-di-esempio\\\/#breadcrumb\"},\"inLanguage\":\"it-IT\",\"potentialAction\":[{\"@type\":\"ReadAction\",\"target\":[\"https:\\\/\\\/www.hotel-im-park.at\\\/it\\\/pagina-di-esempio\\\/\"]}]},{\"@type\":\"BreadcrumbList\",\"@id\":\"https:\\\/\\\/www.hotel-im-park.at\\\/it\\\/pagina-di-esempio\\\/#breadcrumb\",\"itemListElement\":[{\"@type\":\"ListItem\",\"position\":1,\"name\":\"Startseite\",\"item\":\"https:\\\/\\\/www.hotel-im-park.at\\\/it\\\/de\\\/\"},{\"@type\":\"ListItem\",\"position\":2,\"name\":\"Pagina di esempio\"}]},{\"@type\":\"WebSite\",\"@id\":\"https:\\\/\\\/www.hotel-im-park.at\\\/#website\",\"url\":\"https:\\\/\\\/www.hotel-im-park.at\\\/\",\"name\":\"Hotel im Park Bad Radkersburg\",\"description\":\"Therme &amp; Spa in Bad Radkersburg\",\"potentialAction\":[{\"@type\":\"SearchAction\",\"target\":{\"@type\":\"EntryPoint\",\"urlTemplate\":\"https:\\\/\\\/www.hotel-im-park.at\\\/?s={search_term_string}\"},\"query-input\":{\"@type\":\"PropertyValueSpecification\",\"valueRequired\":true,\"valueName\":\"search_term_string\"}}],\"inLanguage\":\"it-IT\"}]}<\/script>\n<!-- \/ Yoast SEO plugin. -->","yoast_head_json":{"title":"Pagina di esempio - Hotel im Park Bad Radkersburg","robots":{"index":"index","follow":"follow","max-snippet":"max-snippet:-1","max-image-preview":"max-image-preview:large","max-video-preview":"max-video-preview:-1"},"canonical":"https:\/\/www.hotel-im-park.at\/it\/pagina-di-esempio\/","og_locale":"it_IT","og_type":"article","og_title":"Pagina di esempio - Hotel im Park Bad Radkersburg","og_description":"Questa \u00e8 una pagina di esempio. Si differenzia dai post perch\u00e9 rimane sempre nello stesso posto e viene visualizzato nella navigazione del sito (nella maggior parte dei temi). La maggior parte inizia con un&#8217;impronta, un&#8217;informativa sulla privacy o una pagina &#8220;Chi siamo&#8221; per presentarsi ai potenziali visitatori del sito web. Ad esempio, potrebbe dire: Ciao! [&hellip;]","og_url":"https:\/\/www.hotel-im-park.at\/it\/pagina-di-esempio\/","og_site_name":"Hotel im Park Bad Radkersburg","article_modified_time":"2024-02-27T16:35:08+00:00","twitter_card":"summary_large_image","twitter_misc":{"Tempo di lettura stimato":"1 minuto"},"schema":{"@context":"https:\/\/schema.org","@graph":[{"@type":"WebPage","@id":"https:\/\/www.hotel-im-park.at\/it\/pagina-di-esempio\/","url":"https:\/\/www.hotel-im-park.at\/it\/pagina-di-esempio\/","name":"Pagina di esempio - Hotel im Park Bad Radkersburg","isPartOf":{"@id":"https:\/\/www.hotel-im-park.at\/#website"},"datePublished":"2022-10-19T13:00:08+00:00","dateModified":"2024-02-27T16:35:08+00:00","breadcrumb":{"@id":"https:\/\/www.hotel-im-park.at\/it\/pagina-di-esempio\/#breadcrumb"},"inLanguage":"it-IT","potentialAction":[{"@type":"ReadAction","target":["https:\/\/www.hotel-im-park.at\/it\/pagina-di-esempio\/"]}]},{"@type":"BreadcrumbList","@id":"https:\/\/www.hotel-im-park.at\/it\/pagina-di-esempio\/#breadcrumb","itemListElement":[{"@type":"ListItem","position":1,"name":"Startseite","item":"https:\/\/www.hotel-im-park.at\/it\/de\/"},{"@type":"ListItem","position":2,"name":"Pagina di esempio"}]},{"@type":"WebSite","@id":"https:\/\/www.hotel-im-park.at\/#website","url":"https:\/\/www.hotel-im-park.at\/","name":"Hotel im Park Bad Radkersburg","description":"Therme &amp; Spa in Bad Radkersburg","potentialAction":[{"@type":"SearchAction","target":{"@type":"EntryPoint","urlTemplate":"https:\/\/www.hotel-im-park.at\/?s={search_term_string}"},"query-input":{"@type":"PropertyValueSpecification","valueRequired":true,"valueName":"search_term_string"}}],"inLanguage":"it-IT"}]}},"_links":{"self":[{"href":"https:\/\/www.hotel-im-park.at\/it\/wp-json\/wp\/v2\/pages\/111759","targetHints":{"allow":["GET"]}}],"collection":[{"href":"https:\/\/www.hotel-im-park.at\/it\/wp-json\/wp\/v2\/pages"}],"about":[{"href":"https:\/\/www.hotel-im-park.at\/it\/wp-json\/wp\/v2\/types\/page"}],"author":[{"embeddable":true,"href":"https:\/\/www.hotel-im-park.at\/it\/wp-json\/wp\/v2\/users\/1"}],"replies":[{"embeddable":true,"href":"https:\/\/www.hotel-im-park.at\/it\/wp-json\/wp\/v2\/comments?post=111759"}],"version-history":[{"count":1,"href":"https:\/\/www.hotel-im-park.at\/it\/wp-json\/wp\/v2\/pages\/111759\/revisions"}],"predecessor-version":[{"id":111760,"href":"https:\/\/www.hotel-im-park.at\/it\/wp-json\/wp\/v2\/pages\/111759\/revisions\/111760"}],"wp:attachment":[{"href":"https:\/\/www.hotel-im-park.at\/it\/wp-json\/wp\/v2\/media?parent=111759"}],"curies":[{"name":"wp","href":"https:\/\/api.w.org\/{rel}","templated":true}]}}